{"id":7396,"date":"2021-12-03T09:25:40","date_gmt":"2021-12-03T02:25:40","guid":{"rendered":"https:\/\/vtbgroup.org\/?page_id=7396"},"modified":"2021-12-03T21:31:14","modified_gmt":"2021-12-03T14:31:14","slug":"donate","status":"publish","type":"page","link":"https:\/\/vtbgroup.org\/en\/ung-ho\/donate\/","title":{"rendered":"Donate"},"content":{"rendered":"<div data-elementor-type=\"wp-page\" data-elementor-id=\"7396\" class=\"elementor elementor-7396\">\n\t\t\t\t\t\t\t\t\t<section class=\"elementor-section elementor-top-section elementor-element elementor-element-7d898d20 elementor-section-content-middle elementor-section-boxed elementor-section-height-default elementor-section-height-default\" data-id=\"7d898d20\" data-element_type=\"section\">\n\t\t\t\t\t\t<div class=\"elementor-container elementor-column-gap-default\">\n\t\t\t\t\t<div class=\"elementor-column elementor-col-100 elementor-top-column elementor-element elementor-element-6ac16190\" data-id=\"6ac16190\" data-element_type=\"column\">\n\t\t\t<div class=\"elementor-widget-wrap elementor-element-populated\">\n\t\t\t\t\t\t\t\t<div class=\"elementor-element elementor-element-1537ed89 elementor-widget-mobile__width-inherit elementor-widget elementor-widget-elementskit-heading\" data-id=\"1537ed89\" data-element_type=\"widget\" data-widget_type=\"elementskit-heading.default\">\n\t\t\t\t<div class=\"elementor-widget-container\">\n\t\t\t<div class=\"ekit-wid-con\" ><div class=\"ekit-heading elementskit-section-title-wraper    ekit_heading_tablet-   ekit_heading_mobile-\"><h2 class=\"ekit-heading--title elementskit-section-title\">Ch\u01b0\u01a1ng tr\u00ecnh b\u1ea3o tr\u1ee3 th\u1ef1c ph\u1ea9m cho ng\u01b0\u1eddi cao tu\u1ed5i<\/h2>\t\t\t\t<div class='ekit-heading__description'>\n\t\t\t\t\t<p>The war has passed, but the pain and loss it left behind makes us inconsolable. The wounded soldiers kept a part of the blood and bones left on the battlefield, and the mother also suppressed the pain of sending her children to the battlefield, maintaining the independence of the country without a reunion. Heroes who completed the mission to protect the country returned with physical and mental pain. When return, they are too old to work, finding jobs and making a living is not easy. Therefore, they face very many difficulties in life.<\/p>\n<p>With the good tradition of \"when drinking water, remember its source; to be grateful to one's benefactor\" of our nation, over the years, the government, mass organizations, socio-economic organizations have always paid attention and  support to the spiritual and material life of wounded soldiers, Vietnamese Heroic Mothers, the people, who have contributed to the revolution. Those are precious feelings, deep and infinite gratitude to them, who have sacrificed their blood and blood to protect the independence and freedom of the our country.<\/p>\n<p>However, at present, there are still many people who have meritorious services to meet difficult circumstances in daily living conditions , old age and frailty and carrying with them the sequelae of history but not have been properly supported . Therefore, \"VTB Viet Nam Social Fund\" under \"VTB Viet Nam Wounded Soldier Group\" would like to call for all the support, contributions and help from benefactors for the \"VTB Viet Nam Social Fund\" to participation in the establishment  \"Food Support Fund\" for Wounded Soldiers, Older VH Mothers with difficult circumstances.<\/p>\n<p>The support and contributions of benefactors, businessmen and all of your businesses have both shown the spirit of mutual affection and deep gratitude for the great sacrifices of VH Mothers.  Futher more, it is the encouragement, faith encouragement and it is daily living motivation for them.<\/p>\n\t\t\t\t<\/div>\n\t\t\t<\/div><\/div>\t\t<\/div>\n\t\t\t\t<\/div>\n\t\t\t\t<div class=\"elementor-element elementor-element-671176e9 elementor-invisible elementor-widget elementor-widget-image\" data-id=\"671176e9\" data-element_type=\"widget\" data-settings=\"{&quot;_animation&quot;:&quot;zoomInDown&quot;}\" data-widget_type=\"image.default\">\n\t\t\t\t<div class=\"elementor-widget-container\">\n\t\t\t\t\t\t\t\t\t\t\t\t\t\t\t<img loading=\"lazy\" decoding=\"async\" width=\"1024\" height=\"684\" src=\"https:\/\/vtbgroup.org\/wp-content\/uploads\/2021\/12\/1213.jpg\" class=\"attachment-full size-full wp-image-7470\" alt=\"\" srcset=\"https:\/\/vtbgroup.org\/wp-content\/uploads\/2021\/12\/1213.jpg 1024w, https:\/\/vtbgroup.org\/wp-content\/uploads\/2021\/12\/1213-300x200.jpg 300w, https:\/\/vtbgroup.org\/wp-content\/uploads\/2021\/12\/1213-768x513.jpg 768w, https:\/\/vtbgroup.org\/wp-content\/uploads\/2021\/12\/1213-18x12.jpg 18w, https:\/\/vtbgroup.org\/wp-content\/uploads\/2021\/12\/1213-600x401.jpg 600w\" sizes=\"(max-width: 1024px) 100vw, 1024px\" \/>\t\t\t\t\t\t\t\t\t\t\t\t\t\t\t<\/div>\n\t\t\t\t<\/div>\n\t\t\t\t\t<\/div>\n\t\t<\/div>\n\t\t\t\t\t\t\t<\/div>\n\t\t<\/section>\n\t\t\t\t<section class=\"elementor-section elementor-top-section elementor-element elementor-element-4c125efe elementor-section-boxed elementor-section-height-default elementor-section-height-default\" data-id=\"4c125efe\" data-element_type=\"section\" data-settings=\"{&quot;background_background&quot;:&quot;classic&quot;}\">\n\t\t\t\t\t\t\t<div class=\"elementor-background-overlay\"><\/div>\n\t\t\t\t\t\t\t<div class=\"elementor-container elementor-column-gap-default\">\n\t\t\t\t\t<div class=\"elementor-column elementor-col-100 elementor-top-column elementor-element elementor-element-3e87205e\" data-id=\"3e87205e\" data-element_type=\"column\">\n\t\t\t<div class=\"elementor-widget-wrap elementor-element-populated\">\n\t\t\t\t\t\t\t\t<div class=\"elementor-element elementor-element-42800ae3 elementor-widget-mobile__width-inherit elementor-widget-tablet__width-initial elementor-invisible elementor-widget elementor-widget-elementskit-heading\" data-id=\"42800ae3\" data-element_type=\"widget\" data-settings=\"{&quot;_animation&quot;:&quot;lightSpeedIn&quot;}\" data-widget_type=\"elementskit-heading.default\">\n\t\t\t\t<div class=\"elementor-widget-container\">\n\t\t\t<div class=\"ekit-wid-con\" ><div class=\"ekit-heading elementskit-section-title-wraper text_left   ekit_heading_tablet-   ekit_heading_mobile-\"><h2 class=\"ekit-heading--title elementskit-section-title\">Giving is hold forever<\/h2>\t\t\t\t<div class='ekit-heading__description'>\n\t\t\t\t\t<blockquote>\n<p><strong>H\u00e3y tham gia \u1ee7ng h\u1ed9 b\u1eb1ng c\u00e1ch \u0111i\u1ec1n th\u00f4ng tin v\u00e0o h\u1ecdp quy\u00ean g\u00f3p \u1edf b\u00ean d\u01b0\u1edbi!<\/strong><\/p>\n<\/blockquote>\n\t\t\t\t<\/div>\n\t\t\t<\/div><\/div>\t\t<\/div>\n\t\t\t\t<\/div>\n\t\t\t\t\t<\/div>\n\t\t<\/div>\n\t\t\t\t\t\t\t<\/div>\n\t\t<\/section>\n\t\t\t\t<section class=\"elementor-section elementor-top-section elementor-element elementor-element-f84a0e5 elementor-section-boxed elementor-section-height-default elementor-section-height-default\" data-id=\"f84a0e5\" data-element_type=\"section\">\n\t\t\t\t\t\t<div class=\"elementor-container elementor-column-gap-default\">\n\t\t\t\t\t<div class=\"elementor-column elementor-col-100 elementor-top-column elementor-element elementor-element-8496b91\" data-id=\"8496b91\" data-element_type=\"column\">\n\t\t\t<div class=\"elementor-widget-wrap elementor-element-populated\">\n\t\t\t\t\t\t\t\t<div class=\"elementor-element elementor-element-b02c439 elementor-widget elementor-widget-shortcode\" data-id=\"b02c439\" data-element_type=\"widget\" data-widget_type=\"shortcode.default\">\n\t\t\t\t<div class=\"elementor-widget-container\">\n\t\t\t\t\t<div class=\"elementor-shortcode\"><script src=\"https:\/\/donorbox.org\/widget.js\" type=\"text\/javascript\"><\/script><iframe src=\"https:\/\/donorbox.org\/embed\/food-sponsorship-fund-for-the-elderly?show_content=true\" width=\"100%\" style=\"max-width:100%; min-width:100%;\" seamless=\"seamless\" id=\"dbox-form-embed\" name=\"donorbox\" frameborder=\"0\" scrolling=\"no\" allowpaymentrequest><\/iframe><\/div>\n\t\t\t\t<\/div>\n\t\t\t\t<\/div>\n\t\t\t\t\t<\/div>\n\t\t<\/div>\n\t\t\t\t\t\t\t<\/div>\n\t\t<\/section>\n\t\t\t\t\t\t\t<\/div>","protected":false},"excerpt":{"rendered":"<p>Ch\u01b0\u01a1ng tr\u00ecnh b\u1ea3o tr\u1ee3 th\u1ef1c ph\u1ea9m cho ng\u01b0\u1eddi cao tu\u1ed5i Chi\u1ebfn tranh \u0111\u00e3 qua \u0111i, nh\u01b0ng n\u1ed7i \u0111au, m\u1ea5t m\u00e1t m\u00e0 n\u00f3 \u0111\u1ec3 l\u1ea1i khi\u1ebfn ch\u00fang ta kh\u00f4ng th\u1ec3 n\u00e0o ngu\u00f4i ngoai. Nh\u1eefng chi\u1ebfn s\u1ef9 Th\u01b0\u01a1ng B\u1ec7nh Binh \u0111\u00e3 gi\u1eef m\u1ed9t ph\u1ea7n m\u00e1u x\u01b0\u01a1ng \u0111\u1ec3 l\u1ea1i \u1edf chi\u1ebfn tr\u01b0\u1eddng v\u00e0 ng\u01b0\u1eddi M\u1eb9 \u0111\u00e3 c\u1eaft ru\u1ed9t [&hellip;]<\/p>","protected":false},"author":3,"featured_media":0,"parent":6321,"menu_order":0,"comment_status":"closed","ping_status":"closed","template":"","meta":{"footnotes":""},"yoast_head":"<title>Donate - C\u00f4ng ty C\u1ed5 Ph\u1ea7n T\u1ed5 H\u1ee3p Th\u01b0\u01a1ng Binh VTB Vi\u1ec7t Nam<\/title>\n<meta name=\"robots\" content=\"index, follow, max-snippet:-1, max-image-preview:large, max-video-preview:-1\" \/>\n<link rel=\"canonical\" href=\"https:\/\/vtbgroup.org\/en\/ung-ho\/donate\/\" \/>\n<meta property=\"og:locale\" content=\"en_US\" \/>\n<meta property=\"og:type\" content=\"article\" \/>\n<meta property=\"og:title\" content=\"Donate - C\u00f4ng ty C\u1ed5 Ph\u1ea7n T\u1ed5 H\u1ee3p Th\u01b0\u01a1ng Binh VTB Vi\u1ec7t Nam\" \/>\n<meta property=\"og:description\" content=\"Ch\u01b0\u01a1ng tr\u00ecnh b\u1ea3o tr\u1ee3 th\u1ef1c ph\u1ea9m cho ng\u01b0\u1eddi cao tu\u1ed5i Chi\u1ebfn tranh \u0111\u00e3 qua \u0111i, nh\u01b0ng n\u1ed7i \u0111au, m\u1ea5t m\u00e1t m\u00e0 n\u00f3 \u0111\u1ec3 l\u1ea1i khi\u1ebfn ch\u00fang ta kh\u00f4ng th\u1ec3 n\u00e0o ngu\u00f4i ngoai. Nh\u1eefng chi\u1ebfn s\u1ef9 Th\u01b0\u01a1ng B\u1ec7nh Binh \u0111\u00e3 gi\u1eef m\u1ed9t ph\u1ea7n m\u00e1u x\u01b0\u01a1ng \u0111\u1ec3 l\u1ea1i \u1edf chi\u1ebfn tr\u01b0\u1eddng v\u00e0 ng\u01b0\u1eddi M\u1eb9 \u0111\u00e3 c\u1eaft ru\u1ed9t [&hellip;]\" \/>\n<meta property=\"og:url\" content=\"https:\/\/vtbgroup.org\/en\/ung-ho\/donate\/\" \/>\n<meta property=\"og:site_name\" content=\"C\u00f4ng ty C\u1ed5 Ph\u1ea7n T\u1ed5 H\u1ee3p Th\u01b0\u01a1ng Binh VTB Vi\u1ec7t Nam\" \/>\n<meta property=\"article:modified_time\" content=\"2021-12-03T14:31:14+00:00\" \/>\n<meta property=\"og:image\" content=\"https:\/\/vtbgroup.org\/wp-content\/uploads\/2021\/12\/1213.jpg\" \/>\n<meta name=\"twitter:card\" content=\"summary_large_image\" \/>\n<meta name=\"twitter:label1\" content=\"Est. reading time\" \/>\n\t<meta name=\"twitter:data1\" content=\"3 minutes\" \/>\n<script type=\"application\/ld+json\" class=\"yoast-schema-graph\">{\"@context\":\"https:\/\/schema.org\",\"@graph\":[{\"@type\":\"WebPage\",\"@id\":\"https:\/\/vtbgroup.org\/ung-ho\/donate\/\",\"url\":\"https:\/\/vtbgroup.org\/ung-ho\/donate\/\",\"name\":\"Donate - C\u00f4ng ty C\u1ed5 Ph\u1ea7n T\u1ed5 H\u1ee3p Th\u01b0\u01a1ng Binh VTB Vi\u1ec7t Nam\",\"isPartOf\":{\"@id\":\"https:\/\/vtbgroup.org\/#website\"},\"datePublished\":\"2021-12-03T02:25:40+00:00\",\"dateModified\":\"2021-12-03T14:31:14+00:00\",\"breadcrumb\":{\"@id\":\"https:\/\/vtbgroup.org\/ung-ho\/donate\/#breadcrumb\"},\"inLanguage\":\"en-US\",\"potentialAction\":[{\"@type\":\"ReadAction\",\"target\":[\"https:\/\/vtbgroup.org\/ung-ho\/donate\/\"]}]},{\"@type\":\"BreadcrumbList\",\"@id\":\"https:\/\/vtbgroup.org\/ung-ho\/donate\/#breadcrumb\",\"itemListElement\":[{\"@type\":\"ListItem\",\"position\":1,\"name\":\"Trang ch\u1ee7\",\"item\":\"https:\/\/vtbgroup.org\/\"},{\"@type\":\"ListItem\",\"position\":2,\"name\":\"\u1ee6ng H\u1ed9 VTB\",\"item\":\"https:\/\/vtbgroup.org\/ung-ho\/\"},{\"@type\":\"ListItem\",\"position\":3,\"name\":\"Donate\"}]},{\"@type\":\"WebSite\",\"@id\":\"https:\/\/vtbgroup.org\/#website\",\"url\":\"https:\/\/vtbgroup.org\/\",\"name\":\"C\u00f4ng ty C\u1ed5 Ph\u1ea7n T\u1ed5 H\u1ee3p Th\u01b0\u01a1ng Binh VTB Vi\u1ec7t Nam\",\"description\":\"\",\"potentialAction\":[{\"@type\":\"SearchAction\",\"target\":{\"@type\":\"EntryPoint\",\"urlTemplate\":\"https:\/\/vtbgroup.org\/?s={search_term_string}\"},\"query-input\":\"required name=search_term_string\"}],\"inLanguage\":\"en-US\"}]}<\/script>","yoast_head_json":{"title":"Donate - C\u00f4ng ty C\u1ed5 Ph\u1ea7n T\u1ed5 H\u1ee3p Th\u01b0\u01a1ng Binh VTB Vi\u1ec7t Nam","robots":{"index":"index","follow":"follow","max-snippet":"max-snippet:-1","max-image-preview":"max-image-preview:large","max-video-preview":"max-video-preview:-1"},"canonical":"https:\/\/vtbgroup.org\/en\/ung-ho\/donate\/","og_locale":"en_US","og_type":"article","og_title":"Donate - C\u00f4ng ty C\u1ed5 Ph\u1ea7n T\u1ed5 H\u1ee3p Th\u01b0\u01a1ng Binh VTB Vi\u1ec7t Nam","og_description":"Ch\u01b0\u01a1ng tr\u00ecnh b\u1ea3o tr\u1ee3 th\u1ef1c ph\u1ea9m cho ng\u01b0\u1eddi cao tu\u1ed5i Chi\u1ebfn tranh \u0111\u00e3 qua \u0111i, nh\u01b0ng n\u1ed7i \u0111au, m\u1ea5t m\u00e1t m\u00e0 n\u00f3 \u0111\u1ec3 l\u1ea1i khi\u1ebfn ch\u00fang ta kh\u00f4ng th\u1ec3 n\u00e0o ngu\u00f4i ngoai. Nh\u1eefng chi\u1ebfn s\u1ef9 Th\u01b0\u01a1ng B\u1ec7nh Binh \u0111\u00e3 gi\u1eef m\u1ed9t ph\u1ea7n m\u00e1u x\u01b0\u01a1ng \u0111\u1ec3 l\u1ea1i \u1edf chi\u1ebfn tr\u01b0\u1eddng v\u00e0 ng\u01b0\u1eddi M\u1eb9 \u0111\u00e3 c\u1eaft ru\u1ed9t [&hellip;]","og_url":"https:\/\/vtbgroup.org\/en\/ung-ho\/donate\/","og_site_name":"C\u00f4ng ty C\u1ed5 Ph\u1ea7n T\u1ed5 H\u1ee3p Th\u01b0\u01a1ng Binh VTB Vi\u1ec7t Nam","article_modified_time":"2021-12-03T14:31:14+00:00","og_image":[{"url":"https:\/\/vtbgroup.org\/wp-content\/uploads\/2021\/12\/1213.jpg"}],"twitter_card":"summary_large_image","twitter_misc":{"Est. reading time":"3 minutes"},"schema":{"@context":"https:\/\/schema.org","@graph":[{"@type":"WebPage","@id":"https:\/\/vtbgroup.org\/ung-ho\/donate\/","url":"https:\/\/vtbgroup.org\/ung-ho\/donate\/","name":"Donate - C\u00f4ng ty C\u1ed5 Ph\u1ea7n T\u1ed5 H\u1ee3p Th\u01b0\u01a1ng Binh VTB Vi\u1ec7t Nam","isPartOf":{"@id":"https:\/\/vtbgroup.org\/#website"},"datePublished":"2021-12-03T02:25:40+00:00","dateModified":"2021-12-03T14:31:14+00:00","breadcrumb":{"@id":"https:\/\/vtbgroup.org\/ung-ho\/donate\/#breadcrumb"},"inLanguage":"en-US","potentialAction":[{"@type":"ReadAction","target":["https:\/\/vtbgroup.org\/ung-ho\/donate\/"]}]},{"@type":"BreadcrumbList","@id":"https:\/\/vtbgroup.org\/ung-ho\/donate\/#breadcrumb","itemListElement":[{"@type":"ListItem","position":1,"name":"Trang ch\u1ee7","item":"https:\/\/vtbgroup.org\/"},{"@type":"ListItem","position":2,"name":"\u1ee6ng H\u1ed9 VTB","item":"https:\/\/vtbgroup.org\/ung-ho\/"},{"@type":"ListItem","position":3,"name":"Donate"}]},{"@type":"WebSite","@id":"https:\/\/vtbgroup.org\/#website","url":"https:\/\/vtbgroup.org\/","name":"C\u00f4ng ty C\u1ed5 Ph\u1ea7n T\u1ed5 H\u1ee3p Th\u01b0\u01a1ng Binh VTB Vi\u1ec7t Nam","description":"","potentialAction":[{"@type":"SearchAction","target":{"@type":"EntryPoint","urlTemplate":"https:\/\/vtbgroup.org\/?s={search_term_string}"},"query-input":"required name=search_term_string"}],"inLanguage":"en-US"}]}},"_links":{"self":[{"href":"https:\/\/vtbgroup.org\/en\/wp-json\/wp\/v2\/pages\/7396"}],"collection":[{"href":"https:\/\/vtbgroup.org\/en\/wp-json\/wp\/v2\/pages"}],"about":[{"href":"https:\/\/vtbgroup.org\/en\/wp-json\/wp\/v2\/types\/page"}],"author":[{"embeddable":true,"href":"https:\/\/vtbgroup.org\/en\/wp-json\/wp\/v2\/users\/3"}],"replies":[{"embeddable":true,"href":"https:\/\/vtbgroup.org\/en\/wp-json\/wp\/v2\/comments?post=7396"}],"version-history":[{"count":0,"href":"https:\/\/vtbgroup.org\/en\/wp-json\/wp\/v2\/pages\/7396\/revisions"}],"up":[{"embeddable":true,"href":"https:\/\/vtbgroup.org\/en\/wp-json\/wp\/v2\/pages\/6321"}],"wp:attachment":[{"href":"https:\/\/vtbgroup.org\/en\/wp-json\/wp\/v2\/media?parent=7396"}],"curies":[{"name":"wp","href":"https:\/\/api.w.org\/{rel}","templated":true}]}}