{"id":7103,"date":"2021-07-18T18:47:58","date_gmt":"2021-07-18T18:47:58","guid":{"rendered":"https:\/\/vtbgroup.org\/?page_id=7103"},"modified":"2021-07-18T18:47:58","modified_gmt":"2021-07-18T18:47:58","slug":"ong-nguyen-quang-anh","status":"publish","type":"page","link":"https:\/\/vtbgroup.org\/en\/ong-nguyen-quang-anh\/","title":{"rendered":"Mr. Nguyen Quang Anh"},"content":{"rendered":"<h2 class=\"wp-block-heading\">Mr. Nguyen Quang Anh<\/h2>\n\n\n\n<p>- The son of Comrade Invalids of the 2\/4 category <\/p>\n\n\n\n<p>- Currently he is involved with the company 50% of the time. <\/p>\n\n\n\n<p>- He is currently a member of the Board of Directors. <\/p>\n\n\n\n<p>- He is working at Tan Son Nhat International Airport Customs in Ho Chi Minh City.<\/p>","protected":false},"excerpt":{"rendered":"<p>\u00d4ng Nguy\u1ec5n Quang Anh &#8211; L\u00e0 con c\u1ee7a \u0110\u1ed3ng ch\u00ed Th\u01b0\u01a1ng Binh lo\u1ea1i 2\/4 &#8211; Hi\u1ec7n nay Anh tham gia v\u1edbi c\u00f4ng ty 50% th\u1eddi gian. &#8211; Anh hi\u1ec7n l\u00e0 th\u00e0nh vi\u00ean H\u0110QT. &#8211; Anh \u0111ang c\u00f4ng t\u00e1c t\u1ea1i H\u1ea3i Quan S\u00e2n Bay Qu\u1ed1c T\u1ebf T\u00e2n S\u01a1n Nh\u1ea5t TP.HCM.<\/p>","protected":false},"author":1,"featured_media":0,"parent":0,"menu_order":0,"comment_status":"closed","ping_status":"closed","template":"","meta":{"footnotes":""},"yoast_head":"<title>\u00d4ng Nguy\u1ec5n Quang Anh - C\u00f4ng ty C\u1ed5 Ph\u1ea7n T\u1ed5 H\u1ee3p Th\u01b0\u01a1ng Binh VTB Vi\u1ec7t Nam<\/title>\n<meta name=\"robots\" content=\"index, follow, max-snippet:-1, max-image-preview:large, max-video-preview:-1\" \/>\n<link rel=\"canonical\" href=\"https:\/\/vtbgroup.org\/en\/ong-nguyen-quang-anh\/\" \/>\n<meta property=\"og:locale\" content=\"en_US\" \/>\n<meta property=\"og:type\" content=\"article\" \/>\n<meta property=\"og:title\" content=\"\u00d4ng Nguy\u1ec5n Quang Anh - C\u00f4ng ty C\u1ed5 Ph\u1ea7n T\u1ed5 H\u1ee3p Th\u01b0\u01a1ng Binh VTB Vi\u1ec7t Nam\" \/>\n<meta property=\"og:description\" content=\"\u00d4ng Nguy\u1ec5n Quang Anh &#8211; L\u00e0 con c\u1ee7a \u0110\u1ed3ng ch\u00ed Th\u01b0\u01a1ng Binh lo\u1ea1i 2\/4 &#8211; Hi\u1ec7n nay Anh tham gia v\u1edbi c\u00f4ng ty 50% th\u1eddi gian. &#8211; Anh hi\u1ec7n l\u00e0 th\u00e0nh vi\u00ean H\u0110QT. &#8211; Anh \u0111ang c\u00f4ng t\u00e1c t\u1ea1i H\u1ea3i Quan S\u00e2n Bay Qu\u1ed1c T\u1ebf T\u00e2n S\u01a1n Nh\u1ea5t TP.HCM.\" \/>\n<meta property=\"og:url\" content=\"https:\/\/vtbgroup.org\/en\/ong-nguyen-quang-anh\/\" \/>\n<meta property=\"og:site_name\" content=\"C\u00f4ng ty C\u1ed5 Ph\u1ea7n T\u1ed5 H\u1ee3p Th\u01b0\u01a1ng Binh VTB Vi\u1ec7t Nam\" \/>\n<meta name=\"twitter:card\" content=\"summary_large_image\" \/>\n<script type=\"application\/ld+json\" class=\"yoast-schema-graph\">{\"@context\":\"https:\/\/schema.org\",\"@graph\":[{\"@type\":\"WebPage\",\"@id\":\"https:\/\/vtbgroup.org\/ong-nguyen-quang-anh\/\",\"url\":\"https:\/\/vtbgroup.org\/ong-nguyen-quang-anh\/\",\"name\":\"\u00d4ng Nguy\u1ec5n Quang Anh - C\u00f4ng ty C\u1ed5 Ph\u1ea7n T\u1ed5 H\u1ee3p Th\u01b0\u01a1ng Binh VTB Vi\u1ec7t Nam\",\"isPartOf\":{\"@id\":\"https:\/\/vtbgroup.org\/#website\"},\"datePublished\":\"2021-07-18T18:47:58+00:00\",\"dateModified\":\"2021-07-18T18:47:58+00:00\",\"breadcrumb\":{\"@id\":\"https:\/\/vtbgroup.org\/ong-nguyen-quang-anh\/#breadcrumb\"},\"inLanguage\":\"en-US\",\"potentialAction\":[{\"@type\":\"ReadAction\",\"target\":[\"https:\/\/vtbgroup.org\/ong-nguyen-quang-anh\/\"]}]},{\"@type\":\"BreadcrumbList\",\"@id\":\"https:\/\/vtbgroup.org\/ong-nguyen-quang-anh\/#breadcrumb\",\"itemListElement\":[{\"@type\":\"ListItem\",\"position\":1,\"name\":\"Trang ch\u1ee7\",\"item\":\"https:\/\/vtbgroup.org\/\"},{\"@type\":\"ListItem\",\"position\":2,\"name\":\"\u00d4ng Nguy\u1ec5n Quang Anh\"}]},{\"@type\":\"WebSite\",\"@id\":\"https:\/\/vtbgroup.org\/#website\",\"url\":\"https:\/\/vtbgroup.org\/\",\"name\":\"C\u00f4ng ty C\u1ed5 Ph\u1ea7n T\u1ed5 H\u1ee3p Th\u01b0\u01a1ng Binh VTB Vi\u1ec7t Nam\",\"description\":\"\",\"potentialAction\":[{\"@type\":\"SearchAction\",\"target\":{\"@type\":\"EntryPoint\",\"urlTemplate\":\"https:\/\/vtbgroup.org\/?s={search_term_string}\"},\"query-input\":\"required name=search_term_string\"}],\"inLanguage\":\"en-US\"}]}<\/script>","yoast_head_json":{"title":"\u00d4ng Nguy\u1ec5n Quang Anh - C\u00f4ng ty C\u1ed5 Ph\u1ea7n T\u1ed5 H\u1ee3p Th\u01b0\u01a1ng Binh VTB Vi\u1ec7t Nam","robots":{"index":"index","follow":"follow","max-snippet":"max-snippet:-1","max-image-preview":"max-image-preview:large","max-video-preview":"max-video-preview:-1"},"canonical":"https:\/\/vtbgroup.org\/en\/ong-nguyen-quang-anh\/","og_locale":"en_US","og_type":"article","og_title":"\u00d4ng Nguy\u1ec5n Quang Anh - C\u00f4ng ty C\u1ed5 Ph\u1ea7n T\u1ed5 H\u1ee3p Th\u01b0\u01a1ng Binh VTB Vi\u1ec7t Nam","og_description":"\u00d4ng Nguy\u1ec5n Quang Anh &#8211; L\u00e0 con c\u1ee7a \u0110\u1ed3ng ch\u00ed Th\u01b0\u01a1ng Binh lo\u1ea1i 2\/4 &#8211; Hi\u1ec7n nay Anh tham gia v\u1edbi c\u00f4ng ty 50% th\u1eddi gian. &#8211; Anh hi\u1ec7n l\u00e0 th\u00e0nh vi\u00ean H\u0110QT. &#8211; Anh \u0111ang c\u00f4ng t\u00e1c t\u1ea1i H\u1ea3i Quan S\u00e2n Bay Qu\u1ed1c T\u1ebf T\u00e2n S\u01a1n Nh\u1ea5t TP.HCM.","og_url":"https:\/\/vtbgroup.org\/en\/ong-nguyen-quang-anh\/","og_site_name":"C\u00f4ng ty C\u1ed5 Ph\u1ea7n T\u1ed5 H\u1ee3p Th\u01b0\u01a1ng Binh VTB Vi\u1ec7t Nam","twitter_card":"summary_large_image","schema":{"@context":"https:\/\/schema.org","@graph":[{"@type":"WebPage","@id":"https:\/\/vtbgroup.org\/ong-nguyen-quang-anh\/","url":"https:\/\/vtbgroup.org\/ong-nguyen-quang-anh\/","name":"\u00d4ng Nguy\u1ec5n Quang Anh - C\u00f4ng ty C\u1ed5 Ph\u1ea7n T\u1ed5 H\u1ee3p Th\u01b0\u01a1ng Binh VTB Vi\u1ec7t Nam","isPartOf":{"@id":"https:\/\/vtbgroup.org\/#website"},"datePublished":"2021-07-18T18:47:58+00:00","dateModified":"2021-07-18T18:47:58+00:00","breadcrumb":{"@id":"https:\/\/vtbgroup.org\/ong-nguyen-quang-anh\/#breadcrumb"},"inLanguage":"en-US","potentialAction":[{"@type":"ReadAction","target":["https:\/\/vtbgroup.org\/ong-nguyen-quang-anh\/"]}]},{"@type":"BreadcrumbList","@id":"https:\/\/vtbgroup.org\/ong-nguyen-quang-anh\/#breadcrumb","itemListElement":[{"@type":"ListItem","position":1,"name":"Trang ch\u1ee7","item":"https:\/\/vtbgroup.org\/"},{"@type":"ListItem","position":2,"name":"\u00d4ng Nguy\u1ec5n Quang Anh"}]},{"@type":"WebSite","@id":"https:\/\/vtbgroup.org\/#website","url":"https:\/\/vtbgroup.org\/","name":"C\u00f4ng ty C\u1ed5 Ph\u1ea7n T\u1ed5 H\u1ee3p Th\u01b0\u01a1ng Binh VTB Vi\u1ec7t Nam","description":"","potentialAction":[{"@type":"SearchAction","target":{"@type":"EntryPoint","urlTemplate":"https:\/\/vtbgroup.org\/?s={search_term_string}"},"query-input":"required name=search_term_string"}],"inLanguage":"en-US"}]}},"_links":{"self":[{"href":"https:\/\/vtbgroup.org\/en\/wp-json\/wp\/v2\/pages\/7103"}],"collection":[{"href":"https:\/\/vtbgroup.org\/en\/wp-json\/wp\/v2\/pages"}],"about":[{"href":"https:\/\/vtbgroup.org\/en\/wp-json\/wp\/v2\/types\/page"}],"author":[{"embeddable":true,"href":"https:\/\/vtbgroup.org\/en\/wp-json\/wp\/v2\/users\/1"}],"replies":[{"embeddable":true,"href":"https:\/\/vtbgroup.org\/en\/wp-json\/wp\/v2\/comments?post=7103"}],"version-history":[{"count":0,"href":"https:\/\/vtbgroup.org\/en\/wp-json\/wp\/v2\/pages\/7103\/revisions"}],"wp:attachment":[{"href":"https:\/\/vtbgroup.org\/en\/wp-json\/wp\/v2\/media?parent=7103"}],"curies":[{"name":"wp","href":"https:\/\/api.w.org\/{rel}","templated":true}]}}