{"id":7099,"date":"2021-07-18T18:47:01","date_gmt":"2021-07-18T18:47:01","guid":{"rendered":"https:\/\/vtbgroup.org\/?page_id=7099"},"modified":"2021-07-18T18:47:02","modified_gmt":"2021-07-18T18:47:02","slug":"ong-nguyen-sy-duyen","status":"publish","type":"page","link":"https:\/\/vtbgroup.org\/en\/ong-nguyen-sy-duyen\/","title":{"rendered":"Mr. Nguyen Sy Duyen"},"content":{"rendered":"<h2 class=\"wp-block-heading\">Mr. Nguyen Sy Duyen<\/h2>\n\n\n\n<p>&#8211; L\u00e0 Th\u01b0\u01a1ng Binh lo\u1ea1i 1\/4 <\/p>\n\n\n\n<p>- In 1966, I studied at Hanoi Pedagogical University - I wrote a volunteer application to join the Army, fulfilling Uncle Ho's call. <\/p>\n\n\n\n<p>- I was admitted to the Special Commando Reconnaissance School in Son Tay. <\/p>\n\n\n\n<p>- In early 1968 was transferred to the battlefield and was assigned to the reconnaissance unit of the 320th Division - I fought in the Binh Tri Thien battlefield with the smoke and fire \"Eat rice in the north and fight in the south at night\". <\/p>\n\n\n\n<p>- I attended the 9th Road campaign in Southern Laos, in 1971 the fierce fighting of the 9th Road campaign in Southern Laos. I was injured due to severe burns and amputated lower third of my right arm, was treated by my teammates and transferred to the front hospital of Military Zone 4. After that, I was transferred to nursing and convalescence at Camp Invalids in Thuan Thanh, Bac Ninh province. <\/p>\n\n\n\n<p>- By October 1979, they were classified as disabled: 84% were type 1\/4 Invalids.<\/p>","protected":false},"excerpt":{"rendered":"<p>\u00d4ng Nguy\u1ec5n S\u1ef9 Duy\u00ean &#8211; L\u00e0 Th\u01b0\u01a1ng Binh lo\u1ea1i 1\/4 &#8211; N\u0103m 1966 t\u00f4i h\u1ecdc \u0110\u1ea1i H\u1ecdc S\u01b0 Ph\u1ea1m H\u00e0 N\u1ed9i &#8211; t\u00f4i vi\u1ebft \u0111\u01a1n t\u00ecnh nguy\u1ec7n nh\u1eadp ng\u0169 v\u00e0o Qu\u00e2n \u0110\u1ed9i, th\u1ef1c hi\u1ec7n l\u1eddi k\u00eau g\u1ecdi c\u1ee7a B\u00e1c H\u1ed3. &#8211; T\u00f4i \u0111\u01b0\u1ee3c v\u00e0o Tr\u01b0\u1eddng Trinh S\u00e1t \u0110\u1eb7c C\u00f4ng t\u1ea1i S\u01a1n T\u00e2y &#8211; \u0110\u1ea7u n\u0103m [&hellip;]<\/p>","protected":false},"author":1,"featured_media":0,"parent":0,"menu_order":0,"comment_status":"closed","ping_status":"closed","template":"","meta":{"footnotes":""},"yoast_head":"<title>\u00d4ng Nguy\u1ec5n S\u1ef9 Duy\u00ean - C\u00f4ng ty C\u1ed5 Ph\u1ea7n T\u1ed5 H\u1ee3p Th\u01b0\u01a1ng Binh VTB Vi\u1ec7t Nam<\/title>\n<meta name=\"robots\" content=\"index, follow, max-snippet:-1, max-image-preview:large, max-video-preview:-1\" \/>\n<link rel=\"canonical\" href=\"https:\/\/vtbgroup.org\/en\/ong-nguyen-sy-duyen\/\" \/>\n<meta property=\"og:locale\" content=\"en_US\" \/>\n<meta property=\"og:type\" content=\"article\" \/>\n<meta property=\"og:title\" content=\"\u00d4ng Nguy\u1ec5n S\u1ef9 Duy\u00ean - C\u00f4ng ty C\u1ed5 Ph\u1ea7n T\u1ed5 H\u1ee3p Th\u01b0\u01a1ng Binh VTB Vi\u1ec7t Nam\" \/>\n<meta property=\"og:description\" content=\"\u00d4ng Nguy\u1ec5n S\u1ef9 Duy\u00ean &#8211; L\u00e0 Th\u01b0\u01a1ng Binh lo\u1ea1i 1\/4 &#8211; N\u0103m 1966 t\u00f4i h\u1ecdc \u0110\u1ea1i H\u1ecdc S\u01b0 Ph\u1ea1m H\u00e0 N\u1ed9i &#8211; t\u00f4i vi\u1ebft \u0111\u01a1n t\u00ecnh nguy\u1ec7n nh\u1eadp ng\u0169 v\u00e0o Qu\u00e2n \u0110\u1ed9i, th\u1ef1c hi\u1ec7n l\u1eddi k\u00eau g\u1ecdi c\u1ee7a B\u00e1c H\u1ed3. &#8211; T\u00f4i \u0111\u01b0\u1ee3c v\u00e0o Tr\u01b0\u1eddng Trinh S\u00e1t \u0110\u1eb7c C\u00f4ng t\u1ea1i S\u01a1n T\u00e2y &#8211; \u0110\u1ea7u n\u0103m [&hellip;]\" \/>\n<meta property=\"og:url\" content=\"https:\/\/vtbgroup.org\/en\/ong-nguyen-sy-duyen\/\" \/>\n<meta property=\"og:site_name\" content=\"C\u00f4ng ty C\u1ed5 Ph\u1ea7n T\u1ed5 H\u1ee3p Th\u01b0\u01a1ng Binh VTB Vi\u1ec7t Nam\" \/>\n<meta property=\"article:modified_time\" content=\"2021-07-18T18:47:02+00:00\" \/>\n<meta name=\"twitter:card\" content=\"summary_large_image\" \/>\n<meta name=\"twitter:label1\" content=\"Est. reading time\" \/>\n\t<meta name=\"twitter:data1\" content=\"1 minute\" \/>\n<script type=\"application\/ld+json\" class=\"yoast-schema-graph\">{\"@context\":\"https:\/\/schema.org\",\"@graph\":[{\"@type\":\"WebPage\",\"@id\":\"https:\/\/vtbgroup.org\/ong-nguyen-sy-duyen\/\",\"url\":\"https:\/\/vtbgroup.org\/ong-nguyen-sy-duyen\/\",\"name\":\"\u00d4ng Nguy\u1ec5n S\u1ef9 Duy\u00ean - C\u00f4ng ty C\u1ed5 Ph\u1ea7n T\u1ed5 H\u1ee3p Th\u01b0\u01a1ng Binh VTB Vi\u1ec7t Nam\",\"isPartOf\":{\"@id\":\"https:\/\/vtbgroup.org\/#website\"},\"datePublished\":\"2021-07-18T18:47:01+00:00\",\"dateModified\":\"2021-07-18T18:47:02+00:00\",\"breadcrumb\":{\"@id\":\"https:\/\/vtbgroup.org\/ong-nguyen-sy-duyen\/#breadcrumb\"},\"inLanguage\":\"en-US\",\"potentialAction\":[{\"@type\":\"ReadAction\",\"target\":[\"https:\/\/vtbgroup.org\/ong-nguyen-sy-duyen\/\"]}]},{\"@type\":\"BreadcrumbList\",\"@id\":\"https:\/\/vtbgroup.org\/ong-nguyen-sy-duyen\/#breadcrumb\",\"itemListElement\":[{\"@type\":\"ListItem\",\"position\":1,\"name\":\"Trang ch\u1ee7\",\"item\":\"https:\/\/vtbgroup.org\/\"},{\"@type\":\"ListItem\",\"position\":2,\"name\":\"\u00d4ng Nguy\u1ec5n S\u1ef9 Duy\u00ean\"}]},{\"@type\":\"WebSite\",\"@id\":\"https:\/\/vtbgroup.org\/#website\",\"url\":\"https:\/\/vtbgroup.org\/\",\"name\":\"C\u00f4ng ty C\u1ed5 Ph\u1ea7n T\u1ed5 H\u1ee3p Th\u01b0\u01a1ng Binh VTB Vi\u1ec7t Nam\",\"description\":\"\",\"potentialAction\":[{\"@type\":\"SearchAction\",\"target\":{\"@type\":\"EntryPoint\",\"urlTemplate\":\"https:\/\/vtbgroup.org\/?s={search_term_string}\"},\"query-input\":\"required name=search_term_string\"}],\"inLanguage\":\"en-US\"}]}<\/script>","yoast_head_json":{"title":"\u00d4ng Nguy\u1ec5n S\u1ef9 Duy\u00ean - C\u00f4ng ty C\u1ed5 Ph\u1ea7n T\u1ed5 H\u1ee3p Th\u01b0\u01a1ng Binh VTB Vi\u1ec7t Nam","robots":{"index":"index","follow":"follow","max-snippet":"max-snippet:-1","max-image-preview":"max-image-preview:large","max-video-preview":"max-video-preview:-1"},"canonical":"https:\/\/vtbgroup.org\/en\/ong-nguyen-sy-duyen\/","og_locale":"en_US","og_type":"article","og_title":"\u00d4ng Nguy\u1ec5n S\u1ef9 Duy\u00ean - C\u00f4ng ty C\u1ed5 Ph\u1ea7n T\u1ed5 H\u1ee3p Th\u01b0\u01a1ng Binh VTB Vi\u1ec7t Nam","og_description":"\u00d4ng Nguy\u1ec5n S\u1ef9 Duy\u00ean &#8211; L\u00e0 Th\u01b0\u01a1ng Binh lo\u1ea1i 1\/4 &#8211; N\u0103m 1966 t\u00f4i h\u1ecdc \u0110\u1ea1i H\u1ecdc S\u01b0 Ph\u1ea1m H\u00e0 N\u1ed9i &#8211; t\u00f4i vi\u1ebft \u0111\u01a1n t\u00ecnh nguy\u1ec7n nh\u1eadp ng\u0169 v\u00e0o Qu\u00e2n \u0110\u1ed9i, th\u1ef1c hi\u1ec7n l\u1eddi k\u00eau g\u1ecdi c\u1ee7a B\u00e1c H\u1ed3. &#8211; T\u00f4i \u0111\u01b0\u1ee3c v\u00e0o Tr\u01b0\u1eddng Trinh S\u00e1t \u0110\u1eb7c C\u00f4ng t\u1ea1i S\u01a1n T\u00e2y &#8211; \u0110\u1ea7u n\u0103m [&hellip;]","og_url":"https:\/\/vtbgroup.org\/en\/ong-nguyen-sy-duyen\/","og_site_name":"C\u00f4ng ty C\u1ed5 Ph\u1ea7n T\u1ed5 H\u1ee3p Th\u01b0\u01a1ng Binh VTB Vi\u1ec7t Nam","article_modified_time":"2021-07-18T18:47:02+00:00","twitter_card":"summary_large_image","twitter_misc":{"Est. reading time":"1 minute"},"schema":{"@context":"https:\/\/schema.org","@graph":[{"@type":"WebPage","@id":"https:\/\/vtbgroup.org\/ong-nguyen-sy-duyen\/","url":"https:\/\/vtbgroup.org\/ong-nguyen-sy-duyen\/","name":"\u00d4ng Nguy\u1ec5n S\u1ef9 Duy\u00ean - C\u00f4ng ty C\u1ed5 Ph\u1ea7n T\u1ed5 H\u1ee3p Th\u01b0\u01a1ng Binh VTB Vi\u1ec7t Nam","isPartOf":{"@id":"https:\/\/vtbgroup.org\/#website"},"datePublished":"2021-07-18T18:47:01+00:00","dateModified":"2021-07-18T18:47:02+00:00","breadcrumb":{"@id":"https:\/\/vtbgroup.org\/ong-nguyen-sy-duyen\/#breadcrumb"},"inLanguage":"en-US","potentialAction":[{"@type":"ReadAction","target":["https:\/\/vtbgroup.org\/ong-nguyen-sy-duyen\/"]}]},{"@type":"BreadcrumbList","@id":"https:\/\/vtbgroup.org\/ong-nguyen-sy-duyen\/#breadcrumb","itemListElement":[{"@type":"ListItem","position":1,"name":"Trang ch\u1ee7","item":"https:\/\/vtbgroup.org\/"},{"@type":"ListItem","position":2,"name":"\u00d4ng Nguy\u1ec5n S\u1ef9 Duy\u00ean"}]},{"@type":"WebSite","@id":"https:\/\/vtbgroup.org\/#website","url":"https:\/\/vtbgroup.org\/","name":"C\u00f4ng ty C\u1ed5 Ph\u1ea7n T\u1ed5 H\u1ee3p Th\u01b0\u01a1ng Binh VTB Vi\u1ec7t Nam","description":"","potentialAction":[{"@type":"SearchAction","target":{"@type":"EntryPoint","urlTemplate":"https:\/\/vtbgroup.org\/?s={search_term_string}"},"query-input":"required name=search_term_string"}],"inLanguage":"en-US"}]}},"_links":{"self":[{"href":"https:\/\/vtbgroup.org\/en\/wp-json\/wp\/v2\/pages\/7099"}],"collection":[{"href":"https:\/\/vtbgroup.org\/en\/wp-json\/wp\/v2\/pages"}],"about":[{"href":"https:\/\/vtbgroup.org\/en\/wp-json\/wp\/v2\/types\/page"}],"author":[{"embeddable":true,"href":"https:\/\/vtbgroup.org\/en\/wp-json\/wp\/v2\/users\/1"}],"replies":[{"embeddable":true,"href":"https:\/\/vtbgroup.org\/en\/wp-json\/wp\/v2\/comments?post=7099"}],"version-history":[{"count":0,"href":"https:\/\/vtbgroup.org\/en\/wp-json\/wp\/v2\/pages\/7099\/revisions"}],"wp:attachment":[{"href":"https:\/\/vtbgroup.org\/en\/wp-json\/wp\/v2\/media?parent=7099"}],"curies":[{"name":"wp","href":"https:\/\/api.w.org\/{rel}","templated":true}]}}