{"id":7097,"date":"2021-07-18T18:46:12","date_gmt":"2021-07-18T18:46:12","guid":{"rendered":"https:\/\/vtbgroup.org\/?page_id=7097"},"modified":"2021-07-18T18:46:12","modified_gmt":"2021-07-18T18:46:12","slug":"ong-nguyen-duc-long","status":"publish","type":"page","link":"https:\/\/vtbgroup.org\/en\/ong-nguyen-duc-long\/","title":{"rendered":"Mr. Nguyen Duc Long"},"content":{"rendered":"<h2 class=\"wp-block-heading\">Mr. Nguyen Duc Long<\/h2>\n\n\n\n<p>&#8211; L\u00e0 Th\u01b0\u01a1ng Binh lo\u1ea1i 3\/4<\/p>\n\n\n\n<p>- I just finished high school to fulfill Uncle Ho's call, I wrote a volunteer application to enlist in the army in September 1967, studying for a 6 month squad leader class at Goi - Y Yen district - Nam Dinh province. <\/p>\n\n\n\n<p>- In March 1968, I went along Truong Son to connect line 559 to Battlefield B2, I was assigned to be a frame officer of C500 in Cambodia. <\/p>\n\n\n\n<p>- In November 1974, when I led troops from the 559th Group's communication station, when I crossed the Sesan River in Cambodia, I was ambushed, on an American plane, under the Saigon Army commandos, both sides fought fiercely against me. After I was injured, I was sent back to the treatment unit at the C500 Treatment Team. In August 1975, I was transferred to the Phu Ly Ha Nam War Invalids Nursing Camp.<\/p>\n\n\n\n<p> - By June 1976, I was classified as disabled at 45%, type 3\/4 Invalids.<\/p>","protected":false},"excerpt":{"rendered":"<p>\u00d4ng Nguy\u1ec5n \u0110\u1ee9c Long &#8211; L\u00e0 Th\u01b0\u01a1ng Binh lo\u1ea1i 3\/4 &#8211; T\u00f4i v\u1eeba h\u1ecdc xong c\u1ea5p 3 th\u1ef1c hi\u1ec7n k\u00eau g\u1ecdi c\u1ee7a B\u00e1c H\u1ed3, t\u00f4i vi\u1ebft \u0111\u01a1n t\u00ecnh nguy\u1ec7n nh\u1eadp ng\u0169 qu\u00e2n \u0111\u1ed9i th\u00e1ng 9\/1967 h\u1ecdc l\u1edbp Ti\u1ec3u \u0111\u1ed9i tr\u01b0\u1edfng 6 th\u00e1ng t\u1ea1i G\u00f4i &#8211; huy\u1ec7n \u00dd Y\u00ean &#8211; t\u1ec9nh Nam \u0110\u1ecbnh. &#8211; Th\u00e1ng 3\/1968 [&hellip;]<\/p>","protected":false},"author":1,"featured_media":0,"parent":0,"menu_order":0,"comment_status":"closed","ping_status":"closed","template":"","meta":{"footnotes":""},"yoast_head":"<title>\u00d4ng Nguy\u1ec5n \u0110\u1ee9c Long - C\u00f4ng ty C\u1ed5 Ph\u1ea7n T\u1ed5 H\u1ee3p Th\u01b0\u01a1ng Binh VTB Vi\u1ec7t Nam<\/title>\n<meta name=\"robots\" content=\"index, follow, max-snippet:-1, max-image-preview:large, max-video-preview:-1\" \/>\n<link rel=\"canonical\" href=\"https:\/\/vtbgroup.org\/en\/ong-nguyen-duc-long\/\" \/>\n<meta property=\"og:locale\" content=\"en_US\" \/>\n<meta property=\"og:type\" content=\"article\" \/>\n<meta property=\"og:title\" content=\"\u00d4ng Nguy\u1ec5n \u0110\u1ee9c Long - C\u00f4ng ty C\u1ed5 Ph\u1ea7n T\u1ed5 H\u1ee3p Th\u01b0\u01a1ng Binh VTB Vi\u1ec7t Nam\" \/>\n<meta property=\"og:description\" content=\"\u00d4ng Nguy\u1ec5n \u0110\u1ee9c Long &#8211; L\u00e0 Th\u01b0\u01a1ng Binh lo\u1ea1i 3\/4 &#8211; T\u00f4i v\u1eeba h\u1ecdc xong c\u1ea5p 3 th\u1ef1c hi\u1ec7n k\u00eau g\u1ecdi c\u1ee7a B\u00e1c H\u1ed3, t\u00f4i vi\u1ebft \u0111\u01a1n t\u00ecnh nguy\u1ec7n nh\u1eadp ng\u0169 qu\u00e2n \u0111\u1ed9i th\u00e1ng 9\/1967 h\u1ecdc l\u1edbp Ti\u1ec3u \u0111\u1ed9i tr\u01b0\u1edfng 6 th\u00e1ng t\u1ea1i G\u00f4i &#8211; huy\u1ec7n \u00dd Y\u00ean &#8211; t\u1ec9nh Nam \u0110\u1ecbnh. &#8211; Th\u00e1ng 3\/1968 [&hellip;]\" \/>\n<meta property=\"og:url\" content=\"https:\/\/vtbgroup.org\/en\/ong-nguyen-duc-long\/\" \/>\n<meta property=\"og:site_name\" content=\"C\u00f4ng ty C\u1ed5 Ph\u1ea7n T\u1ed5 H\u1ee3p Th\u01b0\u01a1ng Binh VTB Vi\u1ec7t Nam\" \/>\n<meta name=\"twitter:card\" content=\"summary_large_image\" \/>\n<meta name=\"twitter:label1\" content=\"Est. reading time\" \/>\n\t<meta name=\"twitter:data1\" content=\"1 minute\" \/>\n<script type=\"application\/ld+json\" class=\"yoast-schema-graph\">{\"@context\":\"https:\/\/schema.org\",\"@graph\":[{\"@type\":\"WebPage\",\"@id\":\"https:\/\/vtbgroup.org\/ong-nguyen-duc-long\/\",\"url\":\"https:\/\/vtbgroup.org\/ong-nguyen-duc-long\/\",\"name\":\"\u00d4ng Nguy\u1ec5n \u0110\u1ee9c Long - C\u00f4ng ty C\u1ed5 Ph\u1ea7n T\u1ed5 H\u1ee3p Th\u01b0\u01a1ng Binh VTB Vi\u1ec7t Nam\",\"isPartOf\":{\"@id\":\"https:\/\/vtbgroup.org\/#website\"},\"datePublished\":\"2021-07-18T18:46:12+00:00\",\"dateModified\":\"2021-07-18T18:46:12+00:00\",\"breadcrumb\":{\"@id\":\"https:\/\/vtbgroup.org\/ong-nguyen-duc-long\/#breadcrumb\"},\"inLanguage\":\"en-US\",\"potentialAction\":[{\"@type\":\"ReadAction\",\"target\":[\"https:\/\/vtbgroup.org\/ong-nguyen-duc-long\/\"]}]},{\"@type\":\"BreadcrumbList\",\"@id\":\"https:\/\/vtbgroup.org\/ong-nguyen-duc-long\/#breadcrumb\",\"itemListElement\":[{\"@type\":\"ListItem\",\"position\":1,\"name\":\"Trang ch\u1ee7\",\"item\":\"https:\/\/vtbgroup.org\/\"},{\"@type\":\"ListItem\",\"position\":2,\"name\":\"\u00d4ng Nguy\u1ec5n \u0110\u1ee9c Long\"}]},{\"@type\":\"WebSite\",\"@id\":\"https:\/\/vtbgroup.org\/#website\",\"url\":\"https:\/\/vtbgroup.org\/\",\"name\":\"C\u00f4ng ty C\u1ed5 Ph\u1ea7n T\u1ed5 H\u1ee3p Th\u01b0\u01a1ng Binh VTB Vi\u1ec7t Nam\",\"description\":\"\",\"potentialAction\":[{\"@type\":\"SearchAction\",\"target\":{\"@type\":\"EntryPoint\",\"urlTemplate\":\"https:\/\/vtbgroup.org\/?s={search_term_string}\"},\"query-input\":\"required name=search_term_string\"}],\"inLanguage\":\"en-US\"}]}<\/script>","yoast_head_json":{"title":"\u00d4ng Nguy\u1ec5n \u0110\u1ee9c Long - C\u00f4ng ty C\u1ed5 Ph\u1ea7n T\u1ed5 H\u1ee3p Th\u01b0\u01a1ng Binh VTB Vi\u1ec7t Nam","robots":{"index":"index","follow":"follow","max-snippet":"max-snippet:-1","max-image-preview":"max-image-preview:large","max-video-preview":"max-video-preview:-1"},"canonical":"https:\/\/vtbgroup.org\/en\/ong-nguyen-duc-long\/","og_locale":"en_US","og_type":"article","og_title":"\u00d4ng Nguy\u1ec5n \u0110\u1ee9c Long - C\u00f4ng ty C\u1ed5 Ph\u1ea7n T\u1ed5 H\u1ee3p Th\u01b0\u01a1ng Binh VTB Vi\u1ec7t Nam","og_description":"\u00d4ng Nguy\u1ec5n \u0110\u1ee9c Long &#8211; L\u00e0 Th\u01b0\u01a1ng Binh lo\u1ea1i 3\/4 &#8211; T\u00f4i v\u1eeba h\u1ecdc xong c\u1ea5p 3 th\u1ef1c hi\u1ec7n k\u00eau g\u1ecdi c\u1ee7a B\u00e1c H\u1ed3, t\u00f4i vi\u1ebft \u0111\u01a1n t\u00ecnh nguy\u1ec7n nh\u1eadp ng\u0169 qu\u00e2n \u0111\u1ed9i th\u00e1ng 9\/1967 h\u1ecdc l\u1edbp Ti\u1ec3u \u0111\u1ed9i tr\u01b0\u1edfng 6 th\u00e1ng t\u1ea1i G\u00f4i &#8211; huy\u1ec7n \u00dd Y\u00ean &#8211; t\u1ec9nh Nam \u0110\u1ecbnh. &#8211; Th\u00e1ng 3\/1968 [&hellip;]","og_url":"https:\/\/vtbgroup.org\/en\/ong-nguyen-duc-long\/","og_site_name":"C\u00f4ng ty C\u1ed5 Ph\u1ea7n T\u1ed5 H\u1ee3p Th\u01b0\u01a1ng Binh VTB Vi\u1ec7t Nam","twitter_card":"summary_large_image","twitter_misc":{"Est. reading time":"1 minute"},"schema":{"@context":"https:\/\/schema.org","@graph":[{"@type":"WebPage","@id":"https:\/\/vtbgroup.org\/ong-nguyen-duc-long\/","url":"https:\/\/vtbgroup.org\/ong-nguyen-duc-long\/","name":"\u00d4ng Nguy\u1ec5n \u0110\u1ee9c Long - C\u00f4ng ty C\u1ed5 Ph\u1ea7n T\u1ed5 H\u1ee3p Th\u01b0\u01a1ng Binh VTB Vi\u1ec7t Nam","isPartOf":{"@id":"https:\/\/vtbgroup.org\/#website"},"datePublished":"2021-07-18T18:46:12+00:00","dateModified":"2021-07-18T18:46:12+00:00","breadcrumb":{"@id":"https:\/\/vtbgroup.org\/ong-nguyen-duc-long\/#breadcrumb"},"inLanguage":"en-US","potentialAction":[{"@type":"ReadAction","target":["https:\/\/vtbgroup.org\/ong-nguyen-duc-long\/"]}]},{"@type":"BreadcrumbList","@id":"https:\/\/vtbgroup.org\/ong-nguyen-duc-long\/#breadcrumb","itemListElement":[{"@type":"ListItem","position":1,"name":"Trang ch\u1ee7","item":"https:\/\/vtbgroup.org\/"},{"@type":"ListItem","position":2,"name":"\u00d4ng Nguy\u1ec5n \u0110\u1ee9c Long"}]},{"@type":"WebSite","@id":"https:\/\/vtbgroup.org\/#website","url":"https:\/\/vtbgroup.org\/","name":"C\u00f4ng ty C\u1ed5 Ph\u1ea7n T\u1ed5 H\u1ee3p Th\u01b0\u01a1ng Binh VTB Vi\u1ec7t Nam","description":"","potentialAction":[{"@type":"SearchAction","target":{"@type":"EntryPoint","urlTemplate":"https:\/\/vtbgroup.org\/?s={search_term_string}"},"query-input":"required name=search_term_string"}],"inLanguage":"en-US"}]}},"_links":{"self":[{"href":"https:\/\/vtbgroup.org\/en\/wp-json\/wp\/v2\/pages\/7097"}],"collection":[{"href":"https:\/\/vtbgroup.org\/en\/wp-json\/wp\/v2\/pages"}],"about":[{"href":"https:\/\/vtbgroup.org\/en\/wp-json\/wp\/v2\/types\/page"}],"author":[{"embeddable":true,"href":"https:\/\/vtbgroup.org\/en\/wp-json\/wp\/v2\/users\/1"}],"replies":[{"embeddable":true,"href":"https:\/\/vtbgroup.org\/en\/wp-json\/wp\/v2\/comments?post=7097"}],"version-history":[{"count":0,"href":"https:\/\/vtbgroup.org\/en\/wp-json\/wp\/v2\/pages\/7097\/revisions"}],"wp:attachment":[{"href":"https:\/\/vtbgroup.org\/en\/wp-json\/wp\/v2\/media?parent=7097"}],"curies":[{"name":"wp","href":"https:\/\/api.w.org\/{rel}","templated":true}]}}