{"id":7095,"date":"2021-07-18T18:45:27","date_gmt":"2021-07-18T18:45:27","guid":{"rendered":"https:\/\/vtbgroup.org\/?page_id=7095"},"modified":"2021-07-18T18:45:28","modified_gmt":"2021-07-18T18:45:28","slug":"ong-ngo-tri-don","status":"publish","type":"page","link":"https:\/\/vtbgroup.org\/en\/ong-ngo-tri-don\/","title":{"rendered":"Mr. Ngo Tri Don"},"content":{"rendered":"<h2 class=\"wp-block-heading\">Mr. Ngo Tri Don<\/h2>\n\n\n\n<p>- After graduating as an electronic engineer in the United States, Mr. Don continued to study finance. Until receiving the Certificate of Finance, Banking and Real Estate Portfolio, after more than 25 years of experience in business development, including human resource management, sales, marketing, finance and investment in the real estate insurance industry. <\/p>\n\n\n\n<p>- He has worked with leading organizations in Vietnam and the US such as NKG (Vietnam), Source Reserve Investment (USA - Singapore), Nations Lending (California, USA), Credent Real Estate Investment (California, USA). ), Prime Investment (California, USA), Escrow Services (California, USA) and AL William\/Prime America Insurance (California, USA). <\/p>\n\n\n\n<p>- Mr. Don has a high level of expertise in analyzing corporate finance and investment strategies, as well as analyzing the company's financial strengths and weaknesses. international investment.<\/p>","protected":false},"excerpt":{"rendered":"<p>\u00d4ng Ng\u00f4 Tr\u00ed \u0110\u00f4n &#8211; Sau khi t\u1ed1t nghi\u1ec7p k\u1ef9 s\u01b0 \u0111i\u1ec7n t\u1eed t\u1ea1i Hoa K\u1ef3, \u00f4ng \u0110\u00f4n ti\u1ebfp t\u1ee5c theo h\u1ecdc ng\u00e0nh t\u00e0i ch\u00ednh. Cho \u0111\u1ebfn khi nh\u1eadn \u0111\u01b0\u1ee3c ch\u1ee9ng ch\u1ec9 Ch\u1ee9ng nh\u1eadn T\u00e0i ch\u00ednh, Ng\u00e2n h\u00e0ng v\u00e0 Danh m\u1ee5c \u0110\u1ea7u t\u01b0 B\u1ea5t \u0111\u1ed9ng s\u1ea3n, sau h\u01a1n 25 n\u0103m kinh nghi\u1ec7m ph\u00e1t tri\u1ec3n kinh [&hellip;]<\/p>","protected":false},"author":1,"featured_media":0,"parent":0,"menu_order":0,"comment_status":"closed","ping_status":"closed","template":"","meta":{"footnotes":""},"yoast_head":"<title>\u00d4ng Ng\u00f4 Tr\u00ed \u0110\u00f4n - C\u00f4ng ty C\u1ed5 Ph\u1ea7n T\u1ed5 H\u1ee3p Th\u01b0\u01a1ng Binh VTB Vi\u1ec7t Nam<\/title>\n<meta name=\"robots\" content=\"index, follow, max-snippet:-1, max-image-preview:large, max-video-preview:-1\" \/>\n<link rel=\"canonical\" href=\"https:\/\/vtbgroup.org\/en\/ong-ngo-tri-don\/\" \/>\n<meta property=\"og:locale\" content=\"en_US\" \/>\n<meta property=\"og:type\" content=\"article\" \/>\n<meta property=\"og:title\" content=\"\u00d4ng Ng\u00f4 Tr\u00ed \u0110\u00f4n - C\u00f4ng ty C\u1ed5 Ph\u1ea7n T\u1ed5 H\u1ee3p Th\u01b0\u01a1ng Binh VTB Vi\u1ec7t Nam\" \/>\n<meta property=\"og:description\" content=\"\u00d4ng Ng\u00f4 Tr\u00ed \u0110\u00f4n &#8211; Sau khi t\u1ed1t nghi\u1ec7p k\u1ef9 s\u01b0 \u0111i\u1ec7n t\u1eed t\u1ea1i Hoa K\u1ef3, \u00f4ng \u0110\u00f4n ti\u1ebfp t\u1ee5c theo h\u1ecdc ng\u00e0nh t\u00e0i ch\u00ednh. Cho \u0111\u1ebfn khi nh\u1eadn \u0111\u01b0\u1ee3c ch\u1ee9ng ch\u1ec9 Ch\u1ee9ng nh\u1eadn T\u00e0i ch\u00ednh, Ng\u00e2n h\u00e0ng v\u00e0 Danh m\u1ee5c \u0110\u1ea7u t\u01b0 B\u1ea5t \u0111\u1ed9ng s\u1ea3n, sau h\u01a1n 25 n\u0103m kinh nghi\u1ec7m ph\u00e1t tri\u1ec3n kinh [&hellip;]\" \/>\n<meta property=\"og:url\" content=\"https:\/\/vtbgroup.org\/en\/ong-ngo-tri-don\/\" \/>\n<meta property=\"og:site_name\" content=\"C\u00f4ng ty C\u1ed5 Ph\u1ea7n T\u1ed5 H\u1ee3p Th\u01b0\u01a1ng Binh VTB Vi\u1ec7t Nam\" \/>\n<meta property=\"article:modified_time\" content=\"2021-07-18T18:45:28+00:00\" \/>\n<meta name=\"twitter:card\" content=\"summary_large_image\" \/>\n<meta name=\"twitter:label1\" content=\"Est. reading time\" \/>\n\t<meta name=\"twitter:data1\" content=\"1 minute\" \/>\n<script type=\"application\/ld+json\" class=\"yoast-schema-graph\">{\"@context\":\"https:\/\/schema.org\",\"@graph\":[{\"@type\":\"WebPage\",\"@id\":\"https:\/\/vtbgroup.org\/ong-ngo-tri-don\/\",\"url\":\"https:\/\/vtbgroup.org\/ong-ngo-tri-don\/\",\"name\":\"\u00d4ng Ng\u00f4 Tr\u00ed \u0110\u00f4n - C\u00f4ng ty C\u1ed5 Ph\u1ea7n T\u1ed5 H\u1ee3p Th\u01b0\u01a1ng Binh VTB Vi\u1ec7t Nam\",\"isPartOf\":{\"@id\":\"https:\/\/vtbgroup.org\/#website\"},\"datePublished\":\"2021-07-18T18:45:27+00:00\",\"dateModified\":\"2021-07-18T18:45:28+00:00\",\"breadcrumb\":{\"@id\":\"https:\/\/vtbgroup.org\/ong-ngo-tri-don\/#breadcrumb\"},\"inLanguage\":\"en-US\",\"potentialAction\":[{\"@type\":\"ReadAction\",\"target\":[\"https:\/\/vtbgroup.org\/ong-ngo-tri-don\/\"]}]},{\"@type\":\"BreadcrumbList\",\"@id\":\"https:\/\/vtbgroup.org\/ong-ngo-tri-don\/#breadcrumb\",\"itemListElement\":[{\"@type\":\"ListItem\",\"position\":1,\"name\":\"Trang ch\u1ee7\",\"item\":\"https:\/\/vtbgroup.org\/\"},{\"@type\":\"ListItem\",\"position\":2,\"name\":\"\u00d4ng Ng\u00f4 Tr\u00ed \u0110\u00f4n\"}]},{\"@type\":\"WebSite\",\"@id\":\"https:\/\/vtbgroup.org\/#website\",\"url\":\"https:\/\/vtbgroup.org\/\",\"name\":\"C\u00f4ng ty C\u1ed5 Ph\u1ea7n T\u1ed5 H\u1ee3p Th\u01b0\u01a1ng Binh VTB Vi\u1ec7t Nam\",\"description\":\"\",\"potentialAction\":[{\"@type\":\"SearchAction\",\"target\":{\"@type\":\"EntryPoint\",\"urlTemplate\":\"https:\/\/vtbgroup.org\/?s={search_term_string}\"},\"query-input\":\"required name=search_term_string\"}],\"inLanguage\":\"en-US\"}]}<\/script>","yoast_head_json":{"title":"\u00d4ng Ng\u00f4 Tr\u00ed \u0110\u00f4n - C\u00f4ng ty C\u1ed5 Ph\u1ea7n T\u1ed5 H\u1ee3p Th\u01b0\u01a1ng Binh VTB Vi\u1ec7t Nam","robots":{"index":"index","follow":"follow","max-snippet":"max-snippet:-1","max-image-preview":"max-image-preview:large","max-video-preview":"max-video-preview:-1"},"canonical":"https:\/\/vtbgroup.org\/en\/ong-ngo-tri-don\/","og_locale":"en_US","og_type":"article","og_title":"\u00d4ng Ng\u00f4 Tr\u00ed \u0110\u00f4n - C\u00f4ng ty C\u1ed5 Ph\u1ea7n T\u1ed5 H\u1ee3p Th\u01b0\u01a1ng Binh VTB Vi\u1ec7t Nam","og_description":"\u00d4ng Ng\u00f4 Tr\u00ed \u0110\u00f4n &#8211; Sau khi t\u1ed1t nghi\u1ec7p k\u1ef9 s\u01b0 \u0111i\u1ec7n t\u1eed t\u1ea1i Hoa K\u1ef3, \u00f4ng \u0110\u00f4n ti\u1ebfp t\u1ee5c theo h\u1ecdc ng\u00e0nh t\u00e0i ch\u00ednh. Cho \u0111\u1ebfn khi nh\u1eadn \u0111\u01b0\u1ee3c ch\u1ee9ng ch\u1ec9 Ch\u1ee9ng nh\u1eadn T\u00e0i ch\u00ednh, Ng\u00e2n h\u00e0ng v\u00e0 Danh m\u1ee5c \u0110\u1ea7u t\u01b0 B\u1ea5t \u0111\u1ed9ng s\u1ea3n, sau h\u01a1n 25 n\u0103m kinh nghi\u1ec7m ph\u00e1t tri\u1ec3n kinh [&hellip;]","og_url":"https:\/\/vtbgroup.org\/en\/ong-ngo-tri-don\/","og_site_name":"C\u00f4ng ty C\u1ed5 Ph\u1ea7n T\u1ed5 H\u1ee3p Th\u01b0\u01a1ng Binh VTB Vi\u1ec7t Nam","article_modified_time":"2021-07-18T18:45:28+00:00","twitter_card":"summary_large_image","twitter_misc":{"Est. reading time":"1 minute"},"schema":{"@context":"https:\/\/schema.org","@graph":[{"@type":"WebPage","@id":"https:\/\/vtbgroup.org\/ong-ngo-tri-don\/","url":"https:\/\/vtbgroup.org\/ong-ngo-tri-don\/","name":"\u00d4ng Ng\u00f4 Tr\u00ed \u0110\u00f4n - C\u00f4ng ty C\u1ed5 Ph\u1ea7n T\u1ed5 H\u1ee3p Th\u01b0\u01a1ng Binh VTB Vi\u1ec7t Nam","isPartOf":{"@id":"https:\/\/vtbgroup.org\/#website"},"datePublished":"2021-07-18T18:45:27+00:00","dateModified":"2021-07-18T18:45:28+00:00","breadcrumb":{"@id":"https:\/\/vtbgroup.org\/ong-ngo-tri-don\/#breadcrumb"},"inLanguage":"en-US","potentialAction":[{"@type":"ReadAction","target":["https:\/\/vtbgroup.org\/ong-ngo-tri-don\/"]}]},{"@type":"BreadcrumbList","@id":"https:\/\/vtbgroup.org\/ong-ngo-tri-don\/#breadcrumb","itemListElement":[{"@type":"ListItem","position":1,"name":"Trang ch\u1ee7","item":"https:\/\/vtbgroup.org\/"},{"@type":"ListItem","position":2,"name":"\u00d4ng Ng\u00f4 Tr\u00ed \u0110\u00f4n"}]},{"@type":"WebSite","@id":"https:\/\/vtbgroup.org\/#website","url":"https:\/\/vtbgroup.org\/","name":"C\u00f4ng ty C\u1ed5 Ph\u1ea7n T\u1ed5 H\u1ee3p Th\u01b0\u01a1ng Binh VTB Vi\u1ec7t Nam","description":"","potentialAction":[{"@type":"SearchAction","target":{"@type":"EntryPoint","urlTemplate":"https:\/\/vtbgroup.org\/?s={search_term_string}"},"query-input":"required name=search_term_string"}],"inLanguage":"en-US"}]}},"_links":{"self":[{"href":"https:\/\/vtbgroup.org\/en\/wp-json\/wp\/v2\/pages\/7095"}],"collection":[{"href":"https:\/\/vtbgroup.org\/en\/wp-json\/wp\/v2\/pages"}],"about":[{"href":"https:\/\/vtbgroup.org\/en\/wp-json\/wp\/v2\/types\/page"}],"author":[{"embeddable":true,"href":"https:\/\/vtbgroup.org\/en\/wp-json\/wp\/v2\/users\/1"}],"replies":[{"embeddable":true,"href":"https:\/\/vtbgroup.org\/en\/wp-json\/wp\/v2\/comments?post=7095"}],"version-history":[{"count":0,"href":"https:\/\/vtbgroup.org\/en\/wp-json\/wp\/v2\/pages\/7095\/revisions"}],"wp:attachment":[{"href":"https:\/\/vtbgroup.org\/en\/wp-json\/wp\/v2\/media?parent=7095"}],"curies":[{"name":"wp","href":"https:\/\/api.w.org\/{rel}","templated":true}]}}